{"id":121,"date":"2023-04-18T09:49:05","date_gmt":"2023-04-18T07:49:05","guid":{"rendered":"https:\/\/hotel-du-helder.ms.decms.eu\/localisation\/"},"modified":"2023-09-28T10:33:06","modified_gmt":"2023-09-28T08:33:06","slug":"location-and-access","status":"publish","type":"page","link":"https:\/\/www.hotel-helder.fr\/en\/location-and-access\/","title":{"rendered":"Location &#038; Access"},"content":{"rendered":"<p style=\"text-align: center;\">The hotel is ideally located between the Part-Dieu and Perrache train stations, close to the universities, the banks of the Rh\u00f4ne, the Saint-Joseph hospital, and with direct links to the Mus\u00e9e des Confluences and the Halles de Paul Bocuse. On the Tramway T1 line to Saint Andr\u00e9 stop (90m) and a 5-minute walk from metro D to Guilloti\u00e8re stop.<\/p>\n","protected":false},"excerpt":{"rendered":"<p>The hotel is ideally located between the Part-Dieu and Perrache train stations, close to the universities, the banks of the Rh\u00f4ne, the Saint-Joseph hospital, and with direct links to the Mus\u00e9e des Confluences and the Halles de Paul Bocuse. On the Tramway T1 line to Saint Andr\u00e9 stop (90m) and a 5-minute walk from metro [&hellip;]<\/p>\n","protected":false},"author":531,"featured_media":0,"parent":0,"menu_order":0,"comment_status":"closed","ping_status":"closed","template":"template-location.php","meta":{"footnotes":""},"class_list":["post-121","page","type-page","status-publish","hentry"],"yoast_head":"<!-- This site is optimized with the Yoast SEO plugin v26.9 - https:\/\/yoast.com\/product\/yoast-seo-wordpress\/ -->\n<title>Location &amp; Access - H\u00f4tel Du Helder<\/title>\n<meta name=\"description\" content=\"The hotel is ideally located between the Part-Dieu and Perrache train stations, close to the universities, the banks of the Rh\u00f4ne, the Saint-Joseph\" \/>\n<meta name=\"robots\" content=\"index, follow, max-snippet:-1, max-image-preview:large, max-video-preview:-1\" \/>\n<link rel=\"canonical\" href=\"https:\/\/www.hotel-helder.fr\/en\/location-and-access\/\" \/>\n<meta property=\"og:locale\" content=\"en_US\" \/>\n<meta property=\"og:type\" content=\"article\" \/>\n<meta property=\"og:title\" content=\"Location &amp; Access - H\u00f4tel Du Helder\" \/>\n<meta property=\"og:description\" content=\"The hotel is ideally located between the Part-Dieu and Perrache train stations, close to the universities, the banks of the Rh\u00f4ne, the Saint-Joseph\" \/>\n<meta property=\"og:url\" content=\"https:\/\/www.hotel-helder.fr\/en\/location-and-access\/\" \/>\n<meta property=\"og:site_name\" content=\"H\u00f4tel Du Helder\" \/>\n<meta property=\"article:modified_time\" content=\"2023-09-28T08:33:06+00:00\" \/>\n<meta name=\"twitter:card\" content=\"summary_large_image\" \/>\n<meta name=\"twitter:label1\" content=\"Est. reading time\" \/>\n\t<meta name=\"twitter:data1\" content=\"1 minute\" \/>\n<script type=\"application\/ld+json\" class=\"yoast-schema-graph\">{\"@context\":\"https:\/\/schema.org\",\"@graph\":[{\"@type\":\"WebPage\",\"@id\":\"https:\/\/www.hotel-helder.fr\/en\/location-and-access\/\",\"url\":\"https:\/\/www.hotel-helder.fr\/en\/location-and-access\/\",\"name\":\"Location & Access - H\u00f4tel Du Helder\",\"isPartOf\":{\"@id\":\"https:\/\/www.hotel-helder.fr\/en\/#website\"},\"datePublished\":\"2023-04-18T07:49:05+00:00\",\"dateModified\":\"2023-09-28T08:33:06+00:00\",\"description\":\"The hotel is ideally located between the Part-Dieu and Perrache train stations, close to the universities, the banks of the Rh\u00f4ne, the Saint-Joseph\",\"breadcrumb\":{\"@id\":\"https:\/\/www.hotel-helder.fr\/en\/location-and-access\/#breadcrumb\"},\"inLanguage\":\"en-US\",\"potentialAction\":[{\"@type\":\"ReadAction\",\"target\":[\"https:\/\/www.hotel-helder.fr\/en\/location-and-access\/\"]}]},{\"@type\":\"BreadcrumbList\",\"@id\":\"https:\/\/www.hotel-helder.fr\/en\/location-and-access\/#breadcrumb\",\"itemListElement\":[{\"@type\":\"ListItem\",\"position\":1,\"name\":\"Accueil\",\"item\":\"https:\/\/www.hotel-helder.fr\/en\/\"},{\"@type\":\"ListItem\",\"position\":2,\"name\":\"Location &#038; Access\"}]},{\"@type\":\"WebSite\",\"@id\":\"https:\/\/www.hotel-helder.fr\/en\/#website\",\"url\":\"https:\/\/www.hotel-helder.fr\/en\/\",\"name\":\"H\u00f4tel Du Helder\",\"description\":\"\",\"potentialAction\":[{\"@type\":\"SearchAction\",\"target\":{\"@type\":\"EntryPoint\",\"urlTemplate\":\"https:\/\/www.hotel-helder.fr\/en\/?s={search_term_string}\"},\"query-input\":{\"@type\":\"PropertyValueSpecification\",\"valueRequired\":true,\"valueName\":\"search_term_string\"}}],\"inLanguage\":\"en-US\"}]}<\/script>\n<!-- \/ Yoast SEO plugin. -->","yoast_head_json":{"title":"Location & Access - H\u00f4tel Du Helder","description":"The hotel is ideally located between the Part-Dieu and Perrache train stations, close to the universities, the banks of the Rh\u00f4ne, the Saint-Joseph","robots":{"index":"index","follow":"follow","max-snippet":"max-snippet:-1","max-image-preview":"max-image-preview:large","max-video-preview":"max-video-preview:-1"},"canonical":"https:\/\/www.hotel-helder.fr\/en\/location-and-access\/","og_locale":"en_US","og_type":"article","og_title":"Location & Access - H\u00f4tel Du Helder","og_description":"The hotel is ideally located between the Part-Dieu and Perrache train stations, close to the universities, the banks of the Rh\u00f4ne, the Saint-Joseph","og_url":"https:\/\/www.hotel-helder.fr\/en\/location-and-access\/","og_site_name":"H\u00f4tel Du Helder","article_modified_time":"2023-09-28T08:33:06+00:00","twitter_card":"summary_large_image","twitter_misc":{"Est. reading time":"1 minute"},"schema":{"@context":"https:\/\/schema.org","@graph":[{"@type":"WebPage","@id":"https:\/\/www.hotel-helder.fr\/en\/location-and-access\/","url":"https:\/\/www.hotel-helder.fr\/en\/location-and-access\/","name":"Location & Access - H\u00f4tel Du Helder","isPartOf":{"@id":"https:\/\/www.hotel-helder.fr\/en\/#website"},"datePublished":"2023-04-18T07:49:05+00:00","dateModified":"2023-09-28T08:33:06+00:00","description":"The hotel is ideally located between the Part-Dieu and Perrache train stations, close to the universities, the banks of the Rh\u00f4ne, the Saint-Joseph","breadcrumb":{"@id":"https:\/\/www.hotel-helder.fr\/en\/location-and-access\/#breadcrumb"},"inLanguage":"en-US","potentialAction":[{"@type":"ReadAction","target":["https:\/\/www.hotel-helder.fr\/en\/location-and-access\/"]}]},{"@type":"BreadcrumbList","@id":"https:\/\/www.hotel-helder.fr\/en\/location-and-access\/#breadcrumb","itemListElement":[{"@type":"ListItem","position":1,"name":"Accueil","item":"https:\/\/www.hotel-helder.fr\/en\/"},{"@type":"ListItem","position":2,"name":"Location &#038; Access"}]},{"@type":"WebSite","@id":"https:\/\/www.hotel-helder.fr\/en\/#website","url":"https:\/\/www.hotel-helder.fr\/en\/","name":"H\u00f4tel Du Helder","description":"","potentialAction":[{"@type":"SearchAction","target":{"@type":"EntryPoint","urlTemplate":"https:\/\/www.hotel-helder.fr\/en\/?s={search_term_string}"},"query-input":{"@type":"PropertyValueSpecification","valueRequired":true,"valueName":"search_term_string"}}],"inLanguage":"en-US"}]}},"acf":[],"_links":{"self":[{"href":"https:\/\/www.hotel-helder.fr\/en\/wp-json\/wp\/v2\/pages\/121","targetHints":{"allow":["GET"]}}],"collection":[{"href":"https:\/\/www.hotel-helder.fr\/en\/wp-json\/wp\/v2\/pages"}],"about":[{"href":"https:\/\/www.hotel-helder.fr\/en\/wp-json\/wp\/v2\/types\/page"}],"author":[{"embeddable":true,"href":"https:\/\/www.hotel-helder.fr\/en\/wp-json\/wp\/v2\/users\/531"}],"replies":[{"embeddable":true,"href":"https:\/\/www.hotel-helder.fr\/en\/wp-json\/wp\/v2\/comments?post=121"}],"version-history":[{"count":0,"href":"https:\/\/www.hotel-helder.fr\/en\/wp-json\/wp\/v2\/pages\/121\/revisions"}],"wp:attachment":[{"href":"https:\/\/www.hotel-helder.fr\/en\/wp-json\/wp\/v2\/media?parent=121"}],"curies":[{"name":"wp","href":"https:\/\/api.w.org\/{rel}","templated":true}]}}